{"id":1497,"date":"2023-05-17T14:08:56","date_gmt":"2023-05-17T18:08:56","guid":{"rendered":"https:\/\/deblecx.tempurl.host\/?page_id=1497"},"modified":"2023-05-17T14:08:56","modified_gmt":"2023-05-17T18:08:56","slug":"sitemap","status":"publish","type":"page","link":"https:\/\/gazizoff.net\/deblecx\/sitemap\/","title":{"rendered":"Sitemap"},"content":{"rendered":"<h1>Sitemap<\/h1>\n<h1>Explore our sitemap<span class=\"uk-text-primary\">.<\/span><\/h1>\n<div>\n<div class=\"wsp-container\"><h2 class=\"wsp-pages-title\">Pages<\/h2>\n<ul class=\"wsp-pages-list\">\n<li class=\"page_item page-item-70\"><a href=\"https:\/\/gazizoff.net\/deblecx\/\">Deblecx \u2013<\/a><\/li>\n<li class=\"page_item page-item-1292\"><a href=\"https:\/\/gazizoff.net\/deblecx\/integrations\/\">Integrations<\/a><\/li>\n<li class=\"page_item page-item-1642\"><a href=\"https:\/\/gazizoff.net\/deblecx\/uikit\/\">uikit<\/a><\/li>\n<li class=\"page_item page-item-1497\"><a href=\"https:\/\/gazizoff.net\/deblecx\/sitemap\/\">Sitemap<\/a><\/li>\n<li class=\"page_item page-item-646\"><a href=\"https:\/\/gazizoff.net\/deblecx\/b2b-platform\/\">B2B Platform<\/a><\/li>\n<li class=\"page_item page-item-649\"><a href=\"https:\/\/gazizoff.net\/deblecx\/services\/\">Services<\/a><\/li>\n<li class=\"page_item page-item-687\"><a href=\"https:\/\/gazizoff.net\/deblecx\/news\/\">News<\/a><\/li>\n<li class=\"page_item page-item-690\"><a href=\"https:\/\/gazizoff.net\/deblecx\/case-studies\/\">Case studies<\/a><\/li>\n<li class=\"page_item page-item-707\"><a href=\"https:\/\/gazizoff.net\/deblecx\/partners\/\">Partners<\/a><\/li>\n<li class=\"page_item page-item-573\"><a href=\"https:\/\/gazizoff.net\/deblecx\/about-us\/\">About us<\/a><\/li>\n<li class=\"page_item page-item-488\"><a href=\"https:\/\/gazizoff.net\/deblecx\/sign-in\/\">Sign In<\/a><\/li>\n<li class=\"page_item page-item-83\"><a href=\"https:\/\/gazizoff.net\/deblecx\/contact\/\">Contact<\/a><\/li>\n<li class=\"page_item page-item-222\"><a href=\"https:\/\/gazizoff.net\/deblecx\/careers\/\">Careers<\/a><\/li>\n<li class=\"page_item page-item-67 current_page_parent\"><a href=\"https:\/\/gazizoff.net\/deblecx\/blog\/\">Blog<\/a><\/li>\n<li class=\"page_item page-item-76 page_item_has_children\"><a href=\"https:\/\/gazizoff.net\/deblecx\/legal\/\">Legal information<\/a>\n<ul class='children'>\n\t<li class=\"page_item page-item-79\"><a href=\"https:\/\/gazizoff.net\/deblecx\/legal\/terms-and-conditions\/\">Terms and conditions<\/a><\/li>\n\t<li class=\"page_item page-item-1713\"><a href=\"https:\/\/gazizoff.net\/deblecx\/legal\/privacy-policy\/\">Privacy Policy<\/a><\/li>\n<\/ul>\n<\/li>\n<\/ul>\n<h2 class=\"wsp-posts-title\">Posts by category<\/h2>\n<ul class=\"wsp-posts-list\">\n\t<li><strong class=\"wsp-category-title\">Category: <a href=\"https:\/\/gazizoff.net\/deblecx\/category\/case-studies\/\">Case studies<\/a><\/strong>\n<ul class=\"wsp-posts-list\">\t\t<li class=\"wsp-post\"><a href=\"https:\/\/gazizoff.net\/deblecx\/cantrex-nationwide-group-inc\/\">Cantrex Nationwide Group Inc.<\/a><\/li>\n\t\t<li class=\"wsp-post\"><a href=\"https:\/\/gazizoff.net\/deblecx\/sonepar-canada-inc\/\">Sonepar Canada Inc.<\/a><\/li>\n\t\t<li class=\"wsp-post\"><a href=\"https:\/\/gazizoff.net\/deblecx\/ameublements-tanguay-inc\/\">Ameublements Tanguay inc.<\/a><\/li>\n\t\t<li class=\"wsp-post\"><a href=\"https:\/\/gazizoff.net\/deblecx\/pneus-chartrand\/\">Pneus Chartrand<\/a><\/li>\n\t\t<li class=\"wsp-post\"><a href=\"https:\/\/gazizoff.net\/deblecx\/fromagerie-bergeron\/\">Fromagerie Bergeron<\/a><\/li>\n<\/ul><\/li>\n\t<li><strong class=\"wsp-category-title\">Category: <a href=\"https:\/\/gazizoff.net\/deblecx\/category\/news\/\">News<\/a><\/strong>\n<ul class=\"wsp-posts-list\">\t\t<li class=\"wsp-post\"><a href=\"https:\/\/gazizoff.net\/deblecx\/reseau-deblecx-network-now-offers-sap-consulting-and-development-services-to-complement-its-e-commerce-integration-offering-for-sap-solutions\/\">R\u00e9seau Deblecx Network now offers SAP consulting and development services to complement its e-commerce integration offering for SAP solutions<\/a><\/li>\n\t\t<li class=\"wsp-post\"><a href=\"https:\/\/gazizoff.net\/deblecx\/reseau-deblecx-network-invited-to-strategies-pme-as-expert-speaker-in-b2b-e-commerce\/\">R\u00e9seau Deblecx Network invited to Strat\u00e9gies PME as expert speaker in B2B e-commerce<\/a><\/li>\n\t\t<li class=\"wsp-post\"><a href=\"https:\/\/gazizoff.net\/deblecx\/reseau-deblecx-network-exhibitor-at-sial-2018-at-the-palais-des-congres-de-montreal-may-2nd-4th\/\">R\u00e9seau Deblecx Network exhibitor at SIAL 2018 at the Palais des congr\u00e8s de Montr\u00e9al, May 2nd-4th<\/a><\/li>\n\t\t<li class=\"wsp-post\"><a href=\"https:\/\/gazizoff.net\/deblecx\/reseau-deblecx-network-exhibitor-at-strategies-pme-on-november-29-and-30-2017-at-palais-des-congres-de-montreal\/\">R\u00e9seau Deblecx Network exhibitor at Strat\u00e9gies PME on November 29 and 30, 2017 at Palais des congr\u00e8s de Montr\u00e9al<\/a><\/li>\n\t\t<li class=\"wsp-post\"><a href=\"https:\/\/gazizoff.net\/deblecx\/reseau-deblecx-network-announces-that-it-has-developed-and-implemented-an-eipp-platform-for-cantrex-nationwide-group\/\">R\u00e9seau Deblecx Network announces that it has developed and implemented an EIPP platform for Cantrex Nationwide Group<\/a><\/li>\n\t\t<li class=\"wsp-post\"><a href=\"https:\/\/gazizoff.net\/deblecx\/reseau-deblecx-network-exhibitor-at-sial-2017-at-the-enercare-centre-in-toronto-may-2nd-4th\/\">R\u00e9seau Deblecx Network exhibitor at SIAL 2017 at the Enercare Centre in Toronto, May 2nd-4th<\/a><\/li>\n<\/ul><\/li>\n<\/ul>\n<\/div><\/div>\n<p><!--more--><br \/>\n<!-- {\"type\":\"layout\",\"children\":[{\"type\":\"section\",\"props\":{\"header_transparent\":\"dark\",\"image_position\":\"center-center\",\"style\":\"default\",\"title_breakpoint\":\"xl\",\"title_position\":\"top-left\",\"title_rotation\":\"left\",\"vertical_align\":\"middle\",\"width\":\"default\"},\"children\":[{\"type\":\"row\",\"children\":[{\"type\":\"column\",\"props\":{\"image_position\":\"center-center\",\"media_overlay_gradient\":\"\",\"position_sticky_breakpoint\":\"m\"},\"children\":[{\"type\":\"headline\",\"props\":{\"content\":\"Sitemap\",\"margin\":\"small\",\"text_align\":\"center\",\"title_color\":\"primary\",\"title_element\":\"h1\",\"title_style\":\"h6\"}},{\"type\":\"headline\",\"props\":{\"block_align\":\"center\",\"content\":\"Explore our sitemap<span class=\\\"uk-text-primary\\\">.<\\\/span>\",\"margin_remove_top\":true,\"maxwidth\":\"2xlarge\",\"text_align\":\"center\",\"title_element\":\"h1\",\"title_style\":\"heading-small\"}}]}]}],\"name\":\"hero-delete\"},{\"type\":\"section\",\"props\":{\"image_position\":\"center-center\",\"padding_remove_top\":true,\"style\":\"default\",\"title_breakpoint\":\"xl\",\"title_position\":\"top-left\",\"title_rotation\":\"left\",\"vertical_align\":\"middle\",\"width\":\"default\"},\"children\":[{\"type\":\"row\",\"props\":{\"layout\":\"1-4,1-2,1-4\"},\"children\":[{\"type\":\"column\",\"props\":{\"image_position\":\"center-center\",\"media_overlay_gradient\":\"\",\"position_sticky_breakpoint\":\"m\",\"width_medium\":\"1-4\"},\"children\":[]},{\"type\":\"column\",\"props\":{\"image_position\":\"center-center\",\"media_overlay_gradient\":\"\",\"position_sticky_breakpoint\":\"m\",\"width_medium\":\"1-2\"},\"children\":[{\"type\":\"html\",\"props\":{\"class\":\"uk-card uk-card-default uk-card-body\",\"content\":\"[wp_sitemap_page]\"}}]},{\"type\":\"column\",\"props\":{\"image_position\":\"center-center\",\"media_overlay_gradient\":\"\",\"position_sticky_breakpoint\":\"m\",\"width_medium\":\"1-4\"},\"children\":[]}]}]}],\"version\":\"3.0.28\"} --><\/p>\n","protected":false},"excerpt":{"rendered":"<p>Sitemap Explore our sitemap.<\/p>\n","protected":false},"author":1,"featured_media":0,"parent":0,"menu_order":3,"comment_status":"closed","ping_status":"closed","template":"","meta":{"footnotes":""},"class_list":["post-1497","page","type-page","status-publish","hentry"],"_links":{"self":[{"href":"https:\/\/gazizoff.net\/deblecx\/wp-json\/wp\/v2\/pages\/1497","targetHints":{"allow":["GET"]}}],"collection":[{"href":"https:\/\/gazizoff.net\/deblecx\/wp-json\/wp\/v2\/pages"}],"about":[{"href":"https:\/\/gazizoff.net\/deblecx\/wp-json\/wp\/v2\/types\/page"}],"author":[{"embeddable":true,"href":"https:\/\/gazizoff.net\/deblecx\/wp-json\/wp\/v2\/users\/1"}],"replies":[{"embeddable":true,"href":"https:\/\/gazizoff.net\/deblecx\/wp-json\/wp\/v2\/comments?post=1497"}],"version-history":[{"count":0,"href":"https:\/\/gazizoff.net\/deblecx\/wp-json\/wp\/v2\/pages\/1497\/revisions"}],"wp:attachment":[{"href":"https:\/\/gazizoff.net\/deblecx\/wp-json\/wp\/v2\/media?parent=1497"}],"curies":[{"name":"wp","href":"https:\/\/api.w.org\/{rel}","templated":true}]}}